{"id":152,"date":"2023-07-26T09:58:46","date_gmt":"2023-07-26T06:58:46","guid":{"rendered":"https:\/\/whitedent.net\/en\/?page_id=152"},"modified":"2023-09-08T17:11:24","modified_gmt":"2023-09-08T14:11:24","slug":"health-tourism","status":"publish","type":"page","link":"https:\/\/whitedent.net\/en\/health-tourism\/","title":{"rendered":"Health Tourism"},"content":{"rendered":"\t\t<div data-elementor-type=\"wp-page\" data-elementor-id=\"152\" class=\"elementor elementor-152\" data-elementor-settings=\"[]\">\n\t\t\t\t\t\t\t<div class=\"elementor-section-wrap\">\n\t\t\t\t\t\t\t<section class=\"elementor-section elementor-top-section elementor-element elementor-element-8924355 elementor-section-height-min-height elementor-section-boxed elementor-section-height-default elementor-section-items-middle\" data-id=\"8924355\" data-element_type=\"section\" data-settings=\"{&quot;background_background&quot;:&quot;classic&quot;}\">\n\t\t\t\t\t\t\t<div class=\"elementor-background-overlay\"><\/div>\n\t\t\t\t\t\t\t<div class=\"elementor-container elementor-column-gap-default\">\n\t\t\t\t\t<div class=\"elementor-column elementor-col-100 elementor-top-column elementor-element elementor-element-a8b44c2\" data-id=\"a8b44c2\" data-element_type=\"column\">\n\t\t\t<div class=\"elementor-widget-wrap elementor-element-populated\">\n\t\t\t\t\t\t\t\t<div class=\"elementor-element elementor-element-09f62ee elementor-widget elementor-widget-heading\" data-id=\"09f62ee\" data-element_type=\"widget\" data-widget_type=\"heading.default\">\n\t\t\t\t<div class=\"elementor-widget-container\">\n\t\t\t<style>\/*! elementor - v3.5.4 - 23-01-2022 *\/\n.elementor-heading-title{padding:0;margin:0;line-height:1}.elementor-widget-heading .elementor-heading-title[class*=elementor-size-]>a{color:inherit;font-size:inherit;line-height:inherit}.elementor-widget-heading .elementor-heading-title.elementor-size-small{font-size:15px}.elementor-widget-heading .elementor-heading-title.elementor-size-medium{font-size:19px}.elementor-widget-heading .elementor-heading-title.elementor-size-large{font-size:29px}.elementor-widget-heading .elementor-heading-title.elementor-size-xl{font-size:39px}.elementor-widget-heading .elementor-heading-title.elementor-size-xxl{font-size:59px}<\/style><h1 class=\"elementor-heading-title elementor-size-default\">\u0130STANBUL<\/h1>\t\t<\/div>\n\t\t\t\t<\/div>\n\t\t\t\t<div class=\"elementor-element elementor-element-118ce76 elementor-widget elementor-widget-heading\" data-id=\"118ce76\" data-element_type=\"widget\" data-widget_type=\"heading.default\">\n\t\t\t\t<div class=\"elementor-widget-container\">\n\t\t\t<div class=\"elementor-heading-title elementor-size-default\">WHITE DENT A\u011eIZ VE D\u0130\u015e SA\u011eLI\u011eI POL\u0130KL\u0130N\u0130\u011e\u0130<\/div>\t\t<\/div>\n\t\t\t\t<\/div>\n\t\t\t\t<div class=\"elementor-element elementor-element-b6448c3 elementor-widget elementor-widget-heading\" data-id=\"b6448c3\" data-element_type=\"widget\" data-widget_type=\"heading.default\">\n\t\t\t\t<div class=\"elementor-widget-container\">\n\t\t\t<div class=\"elementor-heading-title elementor-size-default\">HO\u015eGELD\u0130N\u0130Z!<\/div>\t\t<\/div>\n\t\t\t\t<\/div>\n\t\t\t\t\t<\/div>\n\t\t<\/div>\n\t\t\t\t\t\t\t<\/div>\n\t\t<\/section>\n\t\t\t\t<section class=\"elementor-section elementor-top-section elementor-element elementor-element-70a54e8 elementor-section-height-min-height elementor-section-boxed elementor-section-height-default elementor-section-items-middle\" data-id=\"70a54e8\" data-element_type=\"section\" data-settings=\"{&quot;background_background&quot;:&quot;classic&quot;}\">\n\t\t\t\t\t\t<div class=\"elementor-container elementor-column-gap-default\">\n\t\t\t\t\t<div class=\"elementor-column elementor-col-100 elementor-top-column elementor-element elementor-element-ec1256b\" data-id=\"ec1256b\" data-element_type=\"column\">\n\t\t\t<div class=\"elementor-widget-wrap elementor-element-populated\">\n\t\t\t\t\t\t\t\t<div class=\"elementor-element elementor-element-9de3786 elementor-invisible elementor-widget elementor-widget-text-editor\" data-id=\"9de3786\" data-element_type=\"widget\" data-settings=\"{&quot;_animation&quot;:&quot;fadeInUp&quot;}\" data-widget_type=\"text-editor.default\">\n\t\t\t\t<div class=\"elementor-widget-container\">\n\t\t\t<style>\/*! elementor - v3.5.4 - 23-01-2022 *\/\n.elementor-widget-text-editor.elementor-drop-cap-view-stacked .elementor-drop-cap{background-color:#818a91;color:#fff}.elementor-widget-text-editor.elementor-drop-cap-view-framed .elementor-drop-cap{color:#818a91;border:3px solid;background-color:transparent}.elementor-widget-text-editor:not(.elementor-drop-cap-view-default) .elementor-drop-cap{margin-top:8px}.elementor-widget-text-editor:not(.elementor-drop-cap-view-default) .elementor-drop-cap-letter{width:1em;height:1em}.elementor-widget-text-editor .elementor-drop-cap{float:left;text-align:center;line-height:1;font-size:50px}.elementor-widget-text-editor .elementor-drop-cap-letter{display:inline-block}<\/style>\t\t\t\t<p>Sa\u011fl\u0131k Turizminin ba\u015fkenti \u0130stanbul&#8217;da, d\u00fcnyan\u0131n d\u00f6rt bir yan\u0131ndan insanlara birinci s\u0131n\u0131f ve uygun fiyatl\u0131 di\u015f ve a\u011f\u0131z sa\u011fl\u0131\u011f\u0131 hizmetleri sunarak seyahatlerini g\u00fcl\u00fcmsemeye de\u011fer hale getiriyoruz.<\/p>\t\t\t\t\t\t<\/div>\n\t\t\t\t<\/div>\n\t\t\t\t\t<\/div>\n\t\t<\/div>\n\t\t\t\t\t\t\t<\/div>\n\t\t<\/section>\n\t\t\t\t<section class=\"elementor-section elementor-top-section elementor-element elementor-element-d49d16d elementor-section-height-min-height elementor-section-boxed elementor-section-height-default elementor-section-items-middle\" data-id=\"d49d16d\" data-element_type=\"section\" data-settings=\"{&quot;background_background&quot;:&quot;classic&quot;}\">\n\t\t\t\t\t\t\t<div class=\"elementor-background-overlay\"><\/div>\n\t\t\t\t\t\t\t<div class=\"elementor-container elementor-column-gap-default\">\n\t\t\t\t\t<div class=\"elementor-column elementor-col-100 elementor-top-column elementor-element elementor-element-101b589\" data-id=\"101b589\" data-element_type=\"column\">\n\t\t\t<div class=\"elementor-widget-wrap elementor-element-populated\">\n\t\t\t\t\t\t\t\t<div class=\"elementor-element elementor-element-4a3bb93 elementor-invisible elementor-widget elementor-widget-text-editor\" data-id=\"4a3bb93\" data-element_type=\"widget\" data-settings=\"{&quot;_animation&quot;:&quot;fadeInUp&quot;}\" data-widget_type=\"text-editor.default\">\n\t\t\t\t<div class=\"elementor-widget-container\">\n\t\t\t\t\t\t\t<p>Avrupa&#8217;daki hastalar\u0131m\u0131z\u0131n \u00f6dedi\u011fi fiyatlar\u0131n \u00e7ok alt\u0131nda bir b\u00fct\u00e7e<\/p><p>Avrupa standartlar\u0131n\u0131 a\u015fan di\u015f tedavisi hizmeti<\/p><p>Zengin k\u00fclt\u00fcrel miras\u0131yla \u0130stanbul&#8217;da unutulmaz bir deneyim<\/p>\t\t\t\t\t\t<\/div>\n\t\t\t\t<\/div>\n\t\t\t\t\t<\/div>\n\t\t<\/div>\n\t\t\t\t\t\t\t<\/div>\n\t\t<\/section>\n\t\t\t\t<section class=\"elementor-section elementor-top-section elementor-element elementor-element-d19343d elementor-section-full_width elementor-section-content-middle elementor-section-height-default elementor-section-height-default\" data-id=\"d19343d\" data-element_type=\"section\">\n\t\t\t\t\t\t<div class=\"elementor-container elementor-column-gap-no\">\n\t\t\t\t\t<div class=\"elementor-column elementor-col-50 elementor-top-column elementor-element elementor-element-c68a239\" data-id=\"c68a239\" data-element_type=\"column\">\n\t\t\t<div class=\"elementor-widget-wrap elementor-element-populated\">\n\t\t\t\t\t\t\t\t<div class=\"elementor-element elementor-element-77e0ea5 elementor-invisible elementor-widget elementor-widget-text-editor\" data-id=\"77e0ea5\" data-element_type=\"widget\" data-settings=\"{&quot;_animation&quot;:&quot;fadeInUp&quot;}\" data-widget_type=\"text-editor.default\">\n\t\t\t\t<div class=\"elementor-widget-container\">\n\t\t\t\t\t\t\t<p>Uluslararas\u0131 sa\u011fl\u0131k dan\u0131\u015fmanlar\u0131m\u0131z arac\u0131l\u0131\u011f\u0131yla bizimle ileti\u015fime ge\u00e7en d\u00fcnyan\u0131n d\u00f6rt bir yan\u0131ndan gelen misafirlerimize, \u0130stanbul&#8217;a geli\u015flerinden \u00fclkelerine d\u00f6n\u00fc\u015flerine kadar yolculuklar\u0131n\u0131n her a\u015famas\u0131nda kapsaml\u0131 ve profesyonel bir hizmet sunuyoruz. Buna 5 y\u0131ld\u0131zl\u0131 bir otelde konaklama, \u00f6zel VIP transferleri, terc\u00fcmanlar ve \u015fehir rehberleri dahildir.<\/p>\t\t\t\t\t\t<\/div>\n\t\t\t\t<\/div>\n\t\t\t\t\t<\/div>\n\t\t<\/div>\n\t\t\t\t<div class=\"elementor-column elementor-col-50 elementor-top-column elementor-element elementor-element-30996a4\" data-id=\"30996a4\" data-element_type=\"column\">\n\t\t\t<div class=\"elementor-widget-wrap elementor-element-populated\">\n\t\t\t\t\t\t\t\t<div class=\"elementor-element elementor-element-4016267 animated-slow elementor-invisible elementor-widget elementor-widget-image\" data-id=\"4016267\" data-element_type=\"widget\" data-settings=\"{&quot;_animation&quot;:&quot;fadeInRight&quot;}\" data-widget_type=\"image.default\">\n\t\t\t\t<div class=\"elementor-widget-container\">\n\t\t\t<style>\/*! elementor - v3.5.4 - 23-01-2022 *\/\n.elementor-widget-image{text-align:center}.elementor-widget-image a{display:inline-block}.elementor-widget-image a img[src$=\".svg\"]{width:48px}.elementor-widget-image img{vertical-align:middle;display:inline-block}<\/style>\t\t\t\t\t\t\t\t\t\t\t\t<img loading=\"lazy\" decoding=\"async\" width=\"800\" height=\"534\" src=\"https:\/\/whitedent.net\/en\/wp-content\/uploads\/2023\/07\/tourism-istanbul-travel-1024x683.jpg\" class=\"attachment-large size-large\" alt=\"\" srcset=\"https:\/\/whitedent.net\/en\/wp-content\/uploads\/2023\/07\/tourism-istanbul-travel-1024x683.jpg 1024w, https:\/\/whitedent.net\/en\/wp-content\/uploads\/2023\/07\/tourism-istanbul-travel-300x200.jpg 300w, https:\/\/whitedent.net\/en\/wp-content\/uploads\/2023\/07\/tourism-istanbul-travel-768x512.jpg 768w, https:\/\/whitedent.net\/en\/wp-content\/uploads\/2023\/07\/tourism-istanbul-travel-1536x1024.jpg 1536w, https:\/\/whitedent.net\/en\/wp-content\/uploads\/2023\/07\/tourism-istanbul-travel.jpg 1920w\" sizes=\"auto, (max-width: 800px) 100vw, 800px\" \/>\t\t\t\t\t\t\t\t\t\t\t\t\t\t\t<\/div>\n\t\t\t\t<\/div>\n\t\t\t\t\t<\/div>\n\t\t<\/div>\n\t\t\t\t\t\t\t<\/div>\n\t\t<\/section>\n\t\t\t\t<section class=\"elementor-section elementor-top-section elementor-element elementor-element-2dabc80 elementor-section-full_width elementor-section-content-middle elementor-section-height-default elementor-section-height-default\" data-id=\"2dabc80\" data-element_type=\"section\">\n\t\t\t\t\t\t<div class=\"elementor-container elementor-column-gap-no\">\n\t\t\t\t\t<div class=\"elementor-column elementor-col-50 elementor-top-column elementor-element elementor-element-8c47d44\" data-id=\"8c47d44\" data-element_type=\"column\">\n\t\t\t<div class=\"elementor-widget-wrap elementor-element-populated\">\n\t\t\t\t\t\t\t\t<div class=\"elementor-element elementor-element-0f54ec8 animated-slow elementor-invisible elementor-widget elementor-widget-image\" data-id=\"0f54ec8\" data-element_type=\"widget\" data-settings=\"{&quot;_animation&quot;:&quot;fadeInLeft&quot;}\" data-widget_type=\"image.default\">\n\t\t\t\t<div class=\"elementor-widget-container\">\n\t\t\t\t\t\t\t\t\t\t\t\t\t\t\t<img loading=\"lazy\" decoding=\"async\" width=\"800\" height=\"534\" src=\"https:\/\/whitedent.net\/en\/wp-content\/uploads\/2023\/07\/istanbul-kiz-kulesi-1024x683.jpg\" class=\"attachment-large size-large\" alt=\"\" srcset=\"https:\/\/whitedent.net\/en\/wp-content\/uploads\/2023\/07\/istanbul-kiz-kulesi-1024x683.jpg 1024w, https:\/\/whitedent.net\/en\/wp-content\/uploads\/2023\/07\/istanbul-kiz-kulesi-300x200.jpg 300w, https:\/\/whitedent.net\/en\/wp-content\/uploads\/2023\/07\/istanbul-kiz-kulesi-768x512.jpg 768w, https:\/\/whitedent.net\/en\/wp-content\/uploads\/2023\/07\/istanbul-kiz-kulesi-1536x1024.jpg 1536w, https:\/\/whitedent.net\/en\/wp-content\/uploads\/2023\/07\/istanbul-kiz-kulesi.jpg 1920w\" sizes=\"auto, (max-width: 800px) 100vw, 800px\" \/>\t\t\t\t\t\t\t\t\t\t\t\t\t\t\t<\/div>\n\t\t\t\t<\/div>\n\t\t\t\t\t<\/div>\n\t\t<\/div>\n\t\t\t\t<div class=\"elementor-column elementor-col-50 elementor-top-column elementor-element elementor-element-6da5b31\" data-id=\"6da5b31\" data-element_type=\"column\">\n\t\t\t<div class=\"elementor-widget-wrap elementor-element-populated\">\n\t\t\t\t\t\t\t\t<div class=\"elementor-element elementor-element-c449970 elementor-invisible elementor-widget elementor-widget-text-editor\" data-id=\"c449970\" data-element_type=\"widget\" data-settings=\"{&quot;_animation&quot;:&quot;fadeInUp&quot;}\" data-widget_type=\"text-editor.default\">\n\t\t\t\t<div class=\"elementor-widget-container\">\n\t\t\t\t\t\t\t<p>Zengin k\u00fclt\u00fcrel ve tarihi dokusuyla turizmin ba\u015fkenti \u0130stanbul&#8217;da d\u00fcnyaca \u00fcnl\u00fc bir di\u015f ve a\u011f\u0131z sa\u011fl\u0131\u011f\u0131 hizmeti sa\u011flay\u0131c\u0131s\u0131 olan White Dent. Uzman ekibi ve en son teknolojisiyle \u0130stanbul&#8217;un Avrupa yakas\u0131nda, Perpa Metro Dura\u011f\u0131\/\u015ei\u015fli&#8217;de yer alan <strong>White Dent<\/strong>, hayat\u0131 g\u00fcl\u00fcmsemeye de\u011fer k\u0131l\u0131yor&#8230;<\/p>\t\t\t\t\t\t<\/div>\n\t\t\t\t<\/div>\n\t\t\t\t\t<\/div>\n\t\t<\/div>\n\t\t\t\t\t\t\t<\/div>\n\t\t<\/section>\n\t\t\t\t\t\t<\/div>\n\t\t\t\t\t<\/div>\n\t\t","protected":false},"excerpt":{"rendered":"<p>\u0130STANBUL WHITE DENT A\u011eIZ VE D\u0130\u015e SA\u011eLI\u011eI POL\u0130KL\u0130N\u0130\u011e\u0130 HO\u015eGELD\u0130N\u0130Z! Sa\u011fl\u0131k Turizminin ba\u015fkenti \u0130stanbul&#8217;da, d\u00fcnyan\u0131n d\u00f6rt bir yan\u0131ndan insanlara birinci s\u0131n\u0131f ve uygun fiyatl\u0131 di\u015f ve a\u011f\u0131z sa\u011fl\u0131\u011f\u0131 hizmetleri sunarak seyahatlerini g\u00fcl\u00fcmsemeye de\u011fer hale getiriyoruz. Avrupa&#8217;daki hastalar\u0131m\u0131z\u0131n \u00f6dedi\u011fi fiyatlar\u0131n \u00e7ok alt\u0131nda bir b\u00fct\u00e7e Avrupa standartlar\u0131n\u0131 a\u015fan di\u015f tedavisi hizmeti Zengin k\u00fclt\u00fcrel miras\u0131yla \u0130stanbul&#8217;da unutulmaz bir deneyim [&hellip;]<\/p>\n","protected":false},"author":1,"featured_media":0,"parent":0,"menu_order":0,"comment_status":"closed","ping_status":"closed","template":"","meta":{"inline_featured_image":false,"footnotes":""},"class_list":["post-152","page","type-page","status-publish","hentry"],"_links":{"self":[{"href":"https:\/\/whitedent.net\/en\/wp-json\/wp\/v2\/pages\/152","targetHints":{"allow":["GET"]}}],"collection":[{"href":"https:\/\/whitedent.net\/en\/wp-json\/wp\/v2\/pages"}],"about":[{"href":"https:\/\/whitedent.net\/en\/wp-json\/wp\/v2\/types\/page"}],"author":[{"embeddable":true,"href":"https:\/\/whitedent.net\/en\/wp-json\/wp\/v2\/users\/1"}],"replies":[{"embeddable":true,"href":"https:\/\/whitedent.net\/en\/wp-json\/wp\/v2\/comments?post=152"}],"version-history":[{"count":91,"href":"https:\/\/whitedent.net\/en\/wp-json\/wp\/v2\/pages\/152\/revisions"}],"predecessor-version":[{"id":2508,"href":"https:\/\/whitedent.net\/en\/wp-json\/wp\/v2\/pages\/152\/revisions\/2508"}],"wp:attachment":[{"href":"https:\/\/whitedent.net\/en\/wp-json\/wp\/v2\/media?parent=152"}],"curies":[{"name":"wp","href":"https:\/\/api.w.org\/{rel}","templated":true}]}}